{"id":22,"date":"2022-02-25T06:32:03","date_gmt":"2022-02-25T05:32:03","guid":{"rendered":"https:\/\/www.amendagmbh.org\/?page_id=22"},"modified":"2022-02-25T06:38:09","modified_gmt":"2022-02-25T05:38:09","slug":"jobs","status":"publish","type":"page","link":"http:\/\/www.birktransporte.de\/index.php\/jobs\/","title":{"rendered":"Jobs"},"content":{"rendered":"\n<h4 class=\"wp-block-heading\">Kraftfahrer (m\/w\/d) gesucht<\/h4>\n\n\n\n<p><strong>Wir verst\u00e4rken unser Team und suchen ab sofort:<\/strong><br>\u2022 Kraftfahrern (Kl. CE), deutschsprachig, mit WAB-\/H\u00e4ngerzugerfahrung<br>\u2022 Kraftfahrer (Kl. CE), deutschsprachig, mit Sattelzugerfahrung<br>\u2022 Rentner \/ Urlaubsvertretung (Kl. CE), mit Sattel-\/H\u00e4ngerzugerfahrung<br><br><strong>Wir bieten:<\/strong><br>\u2022 Einen sicheren Arbeitsplatz<br>\u2022 Leistungsgerechte Bezahlung<br>\u2022 Ein gutes Betriebsklima<br>\u2022 Einen Fuhrpark auf dem neuesten technischen Stand<br><br><strong>Was Sie mitbringen sollten:<\/strong><br>\u2022 Berufserfahrung<br>\u2022 Engagement<br>\u2022 Zuverl\u00e4ssigkeit<\/p>\n\n\n\n<p><br>Weitere Ausk\u00fcnfte geben wir Ihnen gerne auch in einem pers\u00f6nlichen Gespr\u00e4ch. Bei Fragen erreichen Sie uns jederzeit unter der&nbsp;<strong>0172 82 86 086<\/strong>.<\/p>\n\n\n\n<p>Wollen Sie in einem tollen Team arbeiten? Dann freuen wir uns auf Ihre Bewerbung, am besten direkt telefonisch unter&nbsp;<strong>0172 82 86 086.<\/strong><\/p>\n\n\n\n<p><strong>Lydia Birk Transporte GmbH<\/strong><br>z. H. Lydia Birk<br>Gutenbergstra\u00dfe 3<br>86558 Hohenwart<br>Tel.: 084439169666<br>Fax: 084439169668<\/p>\n\n\n\n<p>Unsere Jobs finden Sie auch auf der&nbsp;<a href=\"https:\/\/www.metajob.de\/?mfu=3BAPhtcikamNHjJ\">Jobsuchmaschine METAJob<\/a>.<\/p>\n\n\n\n<p><\/p>\n","protected":false},"excerpt":{"rendered":"<p>Kraftfahrer (m\/w\/d) gesucht Wir verst\u00e4rken unser Team und suchen ab sofort:\u2022 Kraftfahrern (Kl. CE), deutschsprachig, mit WAB-\/H\u00e4ngerzugerfahrung\u2022 Kraftfahrer (Kl. CE), deutschsprachig, mit [&hellip;]<\/p>\n","protected":false},"author":1,"featured_media":0,"parent":0,"menu_order":0,"comment_status":"closed","ping_status":"closed","template":"page-templates\/page_front-page.php","meta":{"footnotes":""},"class_list":["post-22","page","type-page","status-publish","hentry"],"_links":{"self":[{"href":"http:\/\/www.birktransporte.de\/index.php\/wp-json\/wp\/v2\/pages\/22","targetHints":{"allow":["GET"]}}],"collection":[{"href":"http:\/\/www.birktransporte.de\/index.php\/wp-json\/wp\/v2\/pages"}],"about":[{"href":"http:\/\/www.birktransporte.de\/index.php\/wp-json\/wp\/v2\/types\/page"}],"author":[{"embeddable":true,"href":"http:\/\/www.birktransporte.de\/index.php\/wp-json\/wp\/v2\/users\/1"}],"replies":[{"embeddable":true,"href":"http:\/\/www.birktransporte.de\/index.php\/wp-json\/wp\/v2\/comments?post=22"}],"version-history":[{"count":3,"href":"http:\/\/www.birktransporte.de\/index.php\/wp-json\/wp\/v2\/pages\/22\/revisions"}],"predecessor-version":[{"id":33,"href":"http:\/\/www.birktransporte.de\/index.php\/wp-json\/wp\/v2\/pages\/22\/revisions\/33"}],"wp:attachment":[{"href":"http:\/\/www.birktransporte.de\/index.php\/wp-json\/wp\/v2\/media?parent=22"}],"curies":[{"name":"wp","href":"https:\/\/api.w.org\/{rel}","templated":true}]}}